{"id":7889,"date":"2026-04-22T15:19:25","date_gmt":"2026-04-22T14:19:25","guid":{"rendered":"https:\/\/imission.world\/documents-taking-care-of-the-planet\/"},"modified":"2026-04-23T16:21:47","modified_gmt":"2026-04-23T15:21:47","slug":"documents-taking-care-of-the-planet","status":"publish","type":"page","link":"https:\/\/imission.world\/en\/documents-taking-care-of-the-planet\/","title":{"rendered":"Documents | Taking care of the planet"},"content":{"rendered":"<p>[et_pb_section fb_built=&#8221;1&#8243; admin_label=&#8221;Secci\u00f3n&#8221; _builder_version=&#8221;4.19.5&#8243; _module_preset=&#8221;default&#8221; custom_margin=&#8221;||-18px|||&#8221; global_colors_info=&#8221;{}&#8221;][et_pb_row _builder_version=&#8221;4.19.0&#8243; _module_preset=&#8221;19e11138-38d7-4f97-a1f0-7b358e3e5810&#8243; global_colors_info=&#8221;{}&#8221;][et_pb_column type=&#8221;4_4&#8243; admin_label=&#8221;Column&#8221; _builder_version=&#8221;4.18.1&#8243; _module_preset=&#8221;default&#8221; global_colors_info=&#8221;{}&#8221;][et_pb_text _builder_version=&#8221;4.19.0&#8243; _dynamic_attributes=&#8221;content&#8221; _module_preset=&#8221;1b29eb36-f294-49f3-8e20-40577db239f4&#8243; link_font=&#8221;||||on||||&#8221; link_text_color=&#8221;#000000&#8243; global_colors_info=&#8221;{}&#8221;]@ET-DC@eyJkeW5hbWljIjp0cnVlLCJjb250ZW50IjoicG9zdF90aXRsZSIsInNldHRpbmdzIjp7ImJlZm9yZSI6IjxhIGhyZWY9XCJcL1wiPkhvbWU8XC9hPiBcLyAiLCJhZnRlciI6IiJ9fQ==@[\/et_pb_text][\/et_pb_column][\/et_pb_row][et_pb_row module_class=&#8221;tesela-titulo&#8221; _builder_version=&#8221;4.19.0&#8243; _module_preset=&#8221;default&#8221; background_color=&#8221;#ffc77c&#8221; custom_padding=&#8221;131px|37px|131px|37px|true|true&#8221; border_radii=&#8221;on|10px|10px|10px|10px&#8221; global_colors_info=&#8221;{}&#8221;][et_pb_column type=&#8221;4_4&#8243; _builder_version=&#8221;4.18.1&#8243; _module_preset=&#8221;default&#8221; global_colors_info=&#8221;{}&#8221;][et_pb_text admin_label=&#8221;Texto&#8221; _builder_version=&#8221;4.19.5&#8243; _module_preset=&#8221;default&#8221; global_colors_info=&#8221;{}&#8221;]<\/p>\n<h1>Jesus said, \u201cLook at the lilies of the field\u2026\u201d<br \/>Documents<\/h1>\n<p>[\/et_pb_text][\/et_pb_column][\/et_pb_row][\/et_pb_section][et_pb_section fb_built=&#8221;1&#8243; admin_label=&#8221;Secci\u00f3n&#8221; _builder_version=&#8221;4.18.1&#8243; _module_preset=&#8221;default&#8221; custom_padding=&#8221;0px|||||&#8221; global_colors_info=&#8221;{}&#8221;][et_pb_row _builder_version=&#8221;4.19.5&#8243; _module_preset=&#8221;default&#8221; global_colors_info=&#8221;{}&#8221;][et_pb_column type=&#8221;4_4&#8243; _builder_version=&#8221;4.19.5&#8243; _module_preset=&#8221;default&#8221; global_colors_info=&#8221;{}&#8221;][et_pb_text _builder_version=&#8221;4.19.5&#8243; _module_preset=&#8221;default&#8221; global_colors_info=&#8221;{}&#8221;]<\/p>\n<div class=\"layoutArea\">\n<div class=\"column\">\n<p data-start=\"0\" data-end=\"481\">Many of us lament environmental degradation and an increasingly damaged planet, without realizing that we may be contributing to it more than we think. Our daily actions\u2014what we consume, what we discard, what we choose\u2014have real effects on the Earth, so we must pay attention to them. This is especially true given that our decisions are amplified in the digital world, where we promote lifestyles and habits that others may imitate.  <\/p>\n<p data-start=\"483\" data-end=\"757\">Download the ten-point plan for caring for the planet, and if you&#8217;d like to learn more, access the full document. Share it as much as you like to help foster a culture of responsibility, moderation, and care for creation in our communities and on social media. <\/p>\n<p><strong>What is it about?<\/strong> From a multidisciplinary reflection on a topic that thousands of people requested during the synodal listening of the Church in the digital environment: the care of the planet, integral ecology and the call to an ecological conversion inspired by Laudato si\u2019.<\/p>\n<p><strong>Who created it?<\/strong> It is prepared by Sister Clara Medina and Father Alejandro Beltr\u00e1n, digital missionaries, with the collaboration of Tom\u00e1s Ins\u00faa, co-founder and executive director of the Laudato si Movement, and Menchu \u200b\u200bBenavides, committed to ecological spirituality and animator of the Laudato si Movement in the United Kingdom.<\/p>\n<p><strong>What&#8217;s your objective?<\/strong> To better understand what &#8220;Caring for the planet&#8221; means and what implications it has for everyday life on social media.<\/p>\n<\/div>\n<\/div>\n<p>[\/et_pb_text][\/et_pb_column][\/et_pb_row][et_pb_row column_structure=&#8221;1_2,1_2&#8243; gutter_width=&#8221;3&#8243; admin_label=&#8221;Row&#8221; module_class=&#8221;tesela-conclusiones&#8221; _builder_version=&#8221;4.19.5&#8243; _module_preset=&#8221;default&#8221; min_height=&#8221;655.7px&#8221; custom_padding=&#8221;15px|||0px||&#8221; global_colors_info=&#8221;{}&#8221;][et_pb_column type=&#8221;1_2&#8243; admin_label=&#8221;Column&#8221; _builder_version=&#8221;4.19.5&#8243; _module_preset=&#8221;default&#8221; background_color=&#8221;#ffe9ce&#8221; global_colors_info=&#8221;{}&#8221;][et_pb_text admin_label=&#8221;Texto&#8221; _builder_version=&#8221;4.19.5&#8243; _module_preset=&#8221;1b29eb36-f294-49f3-8e20-40577db239f4&#8243; background_color=&#8221;#ffe9ce&#8221; custom_margin=&#8221;0px||24px||false|false&#8221; custom_padding=&#8221;21px|30px|21px|30px|true|true&#8221; border_radii=&#8221;on|10px|10px|10px|10px&#8221; global_colors_info=&#8221;{}&#8221;]<\/p>\n<p style=\"text-align: center;\">Click on the image to download the iBooklet for Caring for the Planet<\/p>\n<p>[\/et_pb_text][et_pb_image src=&#8221;https:\/\/imission.world\/wp-content\/uploads\/2026\/04\/iBooklet-3-211&#215;300.png&#8221; title_text=&#8221;iBooklet-3&#8243; url=&#8221;https:\/\/imission.world\/wp-content\/uploads\/2026\/04\/4-ESP-Cuidar-el-Planeta.docx-1.pdf-1.pdf&#8221; align=&#8221;center&#8221; admin_label=&#8221;Imagen&#8221; _builder_version=&#8221;4.19.5&#8243; _module_preset=&#8221;default&#8221; background_color=&#8221;#ffe9ce&#8221; border_radii=&#8221;off||7px|7px|&#8221; border_width_bottom=&#8221;2px&#8221; border_color_bottom=&#8221;#939598&#8243; global_colors_info=&#8221;{}&#8221;][\/et_pb_image][et_pb_text admin_label=&#8221;Texto&#8221; _builder_version=&#8221;4.19.5&#8243; _module_preset=&#8221;1b29eb36-f294-49f3-8e20-40577db239f4&#8243; text_font=&#8221;|700|||||||&#8221; background_color=&#8221;#ffe9ce&#8221; custom_margin=&#8221;0px||24px||false|false&#8221; custom_padding=&#8221;30px|30px|30px|30px|true|true&#8221; border_radii=&#8221;on|10px|10px|10px|10px&#8221; global_colors_info=&#8221;{}&#8221;]<\/p>\n<p style=\"text-align: center;\"><span style=\"font-family: 'Courier New', monospace; font-size: 22px; text-align: left;\"><div id=\"sdc-download-count-7316\" class=\"sdc-download-count descargalink\"><span class=\"sdc-before\"> <\/span><span class=\"sdc-count\">869<\/span><span class=\"sdc-after\">  descargas<\/span><\/div><\/span><\/p>\n<p>[\/et_pb_text][\/et_pb_column][et_pb_column type=&#8221;1_2&#8243; admin_label=&#8221;Column&#8221; _builder_version=&#8221;4.19.5&#8243; _module_preset=&#8221;default&#8221; background_color=&#8221;#ffe9ce&#8221; global_colors_info=&#8221;{}&#8221;][et_pb_text admin_label=&#8221;Texto&#8221; _builder_version=&#8221;4.19.5&#8243; _module_preset=&#8221;1b29eb36-f294-49f3-8e20-40577db239f4&#8243; background_color=&#8221;#ffe9ce&#8221; custom_margin=&#8221;0px||24px||false|false&#8221; custom_padding=&#8221;21px|30px|21px|30px|true|true&#8221; border_radii=&#8221;on|10px|10px|10px|10px&#8221; global_colors_info=&#8221;{}&#8221;]<\/p>\n<p style=\"text-align: center;\">Click on the image to download the Ten Commandments for Caring for the Planet<\/p>\n<p>[\/et_pb_text][et_pb_image src=&#8221;https:\/\/imission.world\/wp-content\/uploads\/2026\/04\/Decalogo-4-211&#215;300.png&#8221; title_text=&#8221;Decalogue-4&#8243; url=&#8221;https:\/\/imission.world\/wp-content\/uploads\/2026\/04\/4-DECALOGO-DEL-CUIDADO-DE-LA-CREACION.pdf.pdf&#8221; align=&#8221;center&#8221; admin_label=&#8221;Imagen&#8221; _builder_version=&#8221;4.19.5&#8243; _module_preset=&#8221;default&#8221; background_color=&#8221;#ffe9ce&#8221; border_radii=&#8221;off||7px|7px|&#8221; border_width_bottom=&#8221;2px&#8221; border_color_bottom=&#8221;#939598&#8243; global_colors_info=&#8221;{}&#8221;][\/et_pb_image][et_pb_text admin_label=&#8221;Texto&#8221; _builder_version=&#8221;4.19.5&#8243; _module_preset=&#8221;1b29eb36-f294-49f3-8e20-40577db239f4&#8243; text_font=&#8221;|700|||||||&#8221; background_color=&#8221;#ffe9ce&#8221; custom_margin=&#8221;0px||24px||false|false&#8221; custom_padding=&#8221;30px|30px|30px|30px|true|true&#8221; border_radii=&#8221;on|10px|10px|10px|10px&#8221; global_colors_info=&#8221;{}&#8221;]<\/p>\n<p style=\"text-align: center;\"><span style=\"font-family: 'Courier New', monospace; font-size: 22px; text-align: left;\"><div id=\"sdc-download-count-7363\" class=\"sdc-download-count descargalink\"><span class=\"sdc-before\"> <\/span><span class=\"sdc-count\">704<\/span><span class=\"sdc-after\">  descargas<\/span><\/div><\/span><\/p>\n<p>[\/et_pb_text][\/et_pb_column][\/et_pb_row][\/et_pb_section]<\/p>\n","protected":false},"excerpt":{"rendered":"<p>Download the ten-point guide to avoid judging, and if you want to delve deeper, download the full document and share it as much as you like to help promote a culture of respect on social media.<\/p>\n","protected":false},"author":7,"featured_media":7329,"parent":0,"menu_order":0,"comment_status":"closed","ping_status":"closed","template":"","meta":{"_acf_changed":false,"_et_pb_use_builder":"on","_et_pb_old_content":"","_et_gb_content_width":"","inline_featured_image":false,"footnotes":""},"class_list":["post-7889","page","type-page","status-publish","has-post-thumbnail","hentry"],"acf":[],"_links":{"self":[{"href":"https:\/\/imission.world\/en\/wp-json\/wp\/v2\/pages\/7889","targetHints":{"allow":["GET"]}}],"collection":[{"href":"https:\/\/imission.world\/en\/wp-json\/wp\/v2\/pages"}],"about":[{"href":"https:\/\/imission.world\/en\/wp-json\/wp\/v2\/types\/page"}],"author":[{"embeddable":true,"href":"https:\/\/imission.world\/en\/wp-json\/wp\/v2\/users\/7"}],"replies":[{"embeddable":true,"href":"https:\/\/imission.world\/en\/wp-json\/wp\/v2\/comments?post=7889"}],"version-history":[{"count":2,"href":"https:\/\/imission.world\/en\/wp-json\/wp\/v2\/pages\/7889\/revisions"}],"predecessor-version":[{"id":7891,"href":"https:\/\/imission.world\/en\/wp-json\/wp\/v2\/pages\/7889\/revisions\/7891"}],"wp:featuredmedia":[{"embeddable":true,"href":"https:\/\/imission.world\/en\/wp-json\/wp\/v2\/media\/7329"}],"wp:attachment":[{"href":"https:\/\/imission.world\/en\/wp-json\/wp\/v2\/media?parent=7889"}],"curies":[{"name":"wp","href":"https:\/\/api.w.org\/{rel}","templated":true}]}}