{"id":7025,"date":"2022-12-20T11:45:34","date_gmt":"2022-12-20T10:45:34","guid":{"rendered":"https:\/\/imission.world\/projets\/"},"modified":"2023-02-02T13:12:29","modified_gmt":"2023-02-02T12:12:29","slug":"projets","status":"publish","type":"page","link":"https:\/\/imission.world\/fr\/projets\/","title":{"rendered":"Projets"},"content":{"rendered":"<p>[et_pb_section fb_built=\u00a0\u00bb1&Prime; _builder_version=\u00a0\u00bb4.19.4&Prime; _module_preset=\u00a0\u00bbdefault\u00a0\u00bb custom_css_main_element=\u00a0\u00bbbackground: linear-gradient(100.39deg, #F15A29 17.82%, #F1602A 31.07%, #F47A2F 43.79%, #F78E35 56.51%, #F99D39 69.76%, #FAA73D 82.48%, #FBAE3F 95.19%, #FBB040 109.5%);\u00a0\u00bb global_colors_info=\u00a0\u00bb{}\u00a0\u00bb][et_pb_row _builder_version=\u00a0\u00bb4.19.4&Prime; _module_preset=\u00a0\u00bbdefault\u00a0\u00bb custom_padding=\u00a0\u00bb5em||5em||true|false\u00a0\u00bb global_colors_info=\u00a0\u00bb{}\u00a0\u00bb][et_pb_column type=\u00a0\u00bb4_4&Prime; _builder_version=\u00a0\u00bb4.19.4&Prime; _module_preset=\u00a0\u00bbdefault\u00a0\u00bb global_colors_info=\u00a0\u00bb{}\u00a0\u00bb][et_pb_text _builder_version=\u00a0\u00bb4.19.4&Prime; _module_preset=\u00a0\u00bbdefault\u00a0\u00bb header_text_align=\u00a0\u00bbcenter\u00a0\u00bb header_text_color=\u00a0\u00bb#FFFFFF\u00a0\u00bb global_colors_info=\u00a0\u00bb{}\u00a0\u00bb]<\/p>\n<h1>Projets<\/h1>\n<p>[\/et_pb_text][et_pb_text _builder_version=\u00a0\u00bb4.19.4&Prime; _module_preset=\u00a0\u00bb1e549f02-3b92-47b9-a21d-c95d72670240&Prime; text_text_color=\u00a0\u00bb#FFFFFF\u00a0\u00bb text_orientation=\u00a0\u00bbcenter\u00a0\u00bb global_colors_info=\u00a0\u00bb{}\u00a0\u00bb]<\/p>\n<p>Une des raisons principales pour rejoindre iMission <br \/>c&rsquo;est de pouvoir participer \u00e0 des projets conjoints<\/p>\n<p>[\/et_pb_text][\/et_pb_column][\/et_pb_row][\/et_pb_section][et_pb_section fb_built=\u00a0\u00bb1&Prime; _builder_version=\u00a0\u00bb4.19.4&Prime; _module_preset=\u00a0\u00bbdefault\u00a0\u00bb global_colors_info=\u00a0\u00bb{}\u00a0\u00bb][et_pb_row column_structure=\u00a0\u00bb1_2,1_2&Prime; _builder_version=\u00a0\u00bb4.19.4&Prime; _module_preset=\u00a0\u00bbdefault\u00a0\u00bb global_colors_info=\u00a0\u00bb{}\u00a0\u00bb][et_pb_column type=\u00a0\u00bb1_2&Prime; _builder_version=\u00a0\u00bb4.19.4&Prime; _module_preset=\u00a0\u00bbdefault\u00a0\u00bb global_colors_info=\u00a0\u00bb{}\u00a0\u00bb][et_pb_blurb title=\u00a0\u00bbSynode num\u00e9rique\u00a0\u00bb image=\u00a0\u00bbhttps:\/\/imission.world\/wp-content\/uploads\/2023\/02\/IMG-4729.jpg\u00a0\u00bb _builder_version=\u00a0\u00bb4.19.5&Prime; _module_preset=\u00a0\u00bb602fb003-c0fb-4c51-8279-a97e68fbb881&Prime; background_color=\u00a0\u00bb#eaeaea\u00a0\u00bb image_icon_custom_margin=\u00a0\u00bb0px|0px|0px|0px|false|false\u00a0\u00bb image_icon_custom_padding=\u00a0\u00bb||||false|false\u00a0\u00bb hover_enabled=\u00a0\u00bb0&Prime; global_colors_info=\u00a0\u00bb{}\u00a0\u00bb title_text=\u00a0\u00bbIMG-4729&Prime; sticky_enabled=\u00a0\u00bb0&Prime;]<\/p>\n<p>Aidant le Saint Siege dans la coordination et realization de l&rsquo;\u00e9coute synodale du continent num\u00e9rique, synth\u00e9tis\u00e9 dans un rapport, une infographie et un important echo sur les m\u00e9dias.<\/p>\n<p><a href=\"https:\/\/imission.world\/wp-content\/uploads\/2023\/02\/Synthese-de-la-conversation-d-ecoute-Sinodo-Digitale-FR-1.pdf\">Synth\u00e8se de l&rsquo;\u00e9coute num\u00e9rique (PDF)<\/a><br \/><a href=\"https:\/\/imission.world\/#mosaico\">Infographie &#8211; Mosa\u00efque<\/a><br \/><a href=\"https:\/\/imission.world\/fr\/presse\/\">Presse<\/a><\/p>\n<p>[\/et_pb_blurb][\/et_pb_column][et_pb_column type=\u00a0\u00bb1_2&Prime; _builder_version=\u00a0\u00bb4.19.4&Prime; _module_preset=\u00a0\u00bbdefault\u00a0\u00bb global_colors_info=\u00a0\u00bb{}\u00a0\u00bb][et_pb_blurb title=\u00a0\u00bbFace \u00e0 l&#039;intol\u00e9rance, respect\u00a0\u00bb image=\u00a0\u00bbhttps:\/\/imission.world\/wp-content\/uploads\/2023\/02\/young-people-3575167_1920.jpg\u00a0\u00bb _builder_version=\u00a0\u00bb4.19.5&Prime; _module_preset=\u00a0\u00bb602fb003-c0fb-4c51-8279-a97e68fbb881&Prime; background_color=\u00a0\u00bb#eaeaea\u00a0\u00bb image_icon_custom_margin=\u00a0\u00bb0px|0px|0px|0px|false|false\u00a0\u00bb image_icon_custom_padding=\u00a0\u00bb||||false|false\u00a0\u00bb hover_enabled=\u00a0\u00bb0&Prime; global_colors_info=\u00a0\u00bb{}\u00a0\u00bb title_text=\u00a0\u00bbyoung-people-3575167_1920&Prime; sticky_enabled=\u00a0\u00bb0&Prime;]<\/p>\n<p>Une r\u00e9flection partag\u00e9e sur la mani\u00e8re de faire face \u00e0 l&rsquo;intol\u00e9rance et aux attaques sur les r\u00e9seaux sociaux, comment les minimiser et \u00e9tablir un dialogue respectueux et apais\u00e9.<\/p>\n<p><a href=\"https:\/\/imission.world\/wp-content\/uploads\/2023\/02\/Face-a-lintolerance-respect.docx.pdf\">T\u00e9l\u00e9charger le PDF \u00ab\u00a0Face \u00e0 l&rsquo;ntol\u00e9rance, respect\u00a0\u00bb<\/a><\/p>\n<p>[\/et_pb_blurb][\/et_pb_column][\/et_pb_row][\/et_pb_section]<\/p>\n","protected":false},"excerpt":{"rendered":"<p>ProjetsUne des raisons principales pour rejoindre iMission c&rsquo;est de pouvoir participer \u00e0 des projets conjointsAidant le Saint Siege dans la coordination et realization de l&rsquo;\u00e9coute synodale du continent num\u00e9rique, synth\u00e9tis\u00e9 dans un rapport, une infographie et un important echo sur les m\u00e9dias. Synth\u00e8se de l&rsquo;\u00e9coute num\u00e9rique (PDF)Infographie &#8211; Mosa\u00efquePresseUne r\u00e9flection partag\u00e9e sur la mani\u00e8re de [&hellip;]<\/p>\n","protected":false},"author":7,"featured_media":0,"parent":0,"menu_order":0,"comment_status":"closed","ping_status":"closed","template":"","meta":{"_acf_changed":false,"_et_pb_use_builder":"on","_et_pb_old_content":"","_et_gb_content_width":"","inline_featured_image":false,"footnotes":""},"class_list":["post-7025","page","type-page","status-publish","hentry"],"acf":[],"_links":{"self":[{"href":"https:\/\/imission.world\/fr\/wp-json\/wp\/v2\/pages\/7025","targetHints":{"allow":["GET"]}}],"collection":[{"href":"https:\/\/imission.world\/fr\/wp-json\/wp\/v2\/pages"}],"about":[{"href":"https:\/\/imission.world\/fr\/wp-json\/wp\/v2\/types\/page"}],"author":[{"embeddable":true,"href":"https:\/\/imission.world\/fr\/wp-json\/wp\/v2\/users\/7"}],"replies":[{"embeddable":true,"href":"https:\/\/imission.world\/fr\/wp-json\/wp\/v2\/comments?post=7025"}],"version-history":[{"count":10,"href":"https:\/\/imission.world\/fr\/wp-json\/wp\/v2\/pages\/7025\/revisions"}],"predecessor-version":[{"id":7185,"href":"https:\/\/imission.world\/fr\/wp-json\/wp\/v2\/pages\/7025\/revisions\/7185"}],"wp:attachment":[{"href":"https:\/\/imission.world\/fr\/wp-json\/wp\/v2\/media?parent=7025"}],"curies":[{"name":"wp","href":"https:\/\/api.w.org\/{rel}","templated":true}]}}