{"id":7148,"date":"2020-02-18T17:20:28","date_gmt":"2020-02-18T16:20:28","guid":{"rendered":"https:\/\/imission.world\/politique-de-privacite\/"},"modified":"2023-02-01T21:52:21","modified_gmt":"2023-02-01T20:52:21","slug":"politique-de-privacite","status":"publish","type":"page","link":"https:\/\/imission.world\/fr\/politique-de-privacite\/","title":{"rendered":"Politique de privacit\u00e9"},"content":{"rendered":"\n<p><strong>Avis de confidentialit\u00e9<\/strong><\/p>\n\n<p>Les donn\u00e9es fournies dans ce formulaire seront enregistr\u00e9es dans un fichier appartenant \u00e0 <strong>iMisi\u00f3n<\/strong> dans le but de vous envoyer des informations, toujours par voie \u00e9lectronique, sur nos cours Conecta, ainsi que sur nos \u00e9v\u00e9nements en face \u00e0 face. Vos donn\u00e9es ne seront jamais transmises \u00e0 des tiers.<\/p>\n\n<p>Vous pouvez exercer vos droits A.R.C.O. (Acc\u00e8s, Rectification, Annulation et Opposition) en envoyant un e-mail :<a href=\"mailto:secretaria@imision.org\">secretaria@imision.org<\/a>. Pour plus d&rsquo;informations sur la mani\u00e8re dont nous traitons vos donn\u00e9es, veuillez consulter notre politique de confidentialit\u00e9.<br\/><\/p>\n\n<p>En application des dispositions du r\u00e8glement g\u00e9n\u00e9ral europ\u00e9en sur la protection des donn\u00e9es d&rsquo;avril 2016 (RGPD), de la loi organique espagnole 15\/1999, du 13 d\u00e9cembre, sur la protection des donn\u00e9es \u00e0 caract\u00e8re personnel (LOPD), du d\u00e9cret royal espagnol 1720\/2007, du 21 d\u00e9cembre, portant approbation du r\u00e8glement pour le d\u00e9veloppement de la LOPD (RLOPD), et de la loi espagnole 34\/2002, du 11 juillet, sur les services de la soci\u00e9t\u00e9 de l&rsquo;information et le commerce \u00e9lectronique (LSSICE), nous vous informons que<strong><em> iMission<\/em><\/strong>propri\u00e9taire de ce site web <a href=\"http:\/\/www.imision.org\">www.imision.org<\/a>maintient un engagement de strict respect de la l\u00e9gislation en vigueur en mati\u00e8re de traitement des donn\u00e9es personnelles et de s\u00e9curit\u00e9 de l&rsquo;information afin de garantir \u00e0 ses utilisateurs que la collecte et le traitement des donn\u00e9es fournies sont effectu\u00e9s avec toutes les garanties de s\u00e9curit\u00e9. Avant de contacter <strong><em>iMisi\u00f3n<\/em><\/strong> et de fournir des donn\u00e9es personnelles, vous devez lire la pr\u00e9sente \u00a0\u00bb Politique de confidentialit\u00e9 \u00a0\u00bb et l&rsquo;accepter en cochant la case pr\u00e9vue dans les formulaires d&rsquo;inscription respectifs d&rsquo;<strong><em>iMisi\u00f3n<\/em><\/strong> ou au moyen de la proc\u00e9dure \u00e9quivalente \u00e9tablie, le cas \u00e9ch\u00e9ant.<\/p>\n\n<p>Notre politique de confidentialit\u00e9 concerne \u00e0 la fois les informations personnelles que vous nous fournissez, ainsi que toutes les donn\u00e9es que vous nous fournissez lorsque vous acc\u00e9dez \u00e0 l&rsquo;un des services disponibles sur le site web.<\/p>\n\n<p><strong>PROTECTION DES DONN\u00c9ES PERSONNELLES<\/strong><\/p>\n\n<p><strong><em>iMisi\u00f3n<\/em><\/strong> en tant que propri\u00e9taire du domaine \u00ab\u00a0<a href=\"http:\/\/www.imision.org\">www.imision.org<\/a>\u00a0\u00bb informe les utilisateurs de son site web de sa politique de protection des donn\u00e9es \u00e0 caract\u00e8re personnel afin qu&rsquo;ils puissent d\u00e9terminer librement et volontairement s&rsquo;ils souhaitent fournir \u00e0 <strong><em>iMisi\u00f3n<\/em><\/strong> les donn\u00e9es personnelles qui peuvent vous \u00eatre demand\u00e9es ou qui peuvent \u00eatre obtenues \u00e0 l&rsquo;occasion des services et fonctionnalit\u00e9s que nous mettons \u00e0 votre disposition.<\/p>\n\n<p><strong>I. Comment obtenons-nous vos donn\u00e9es personnelles ?<\/strong><\/p>\n\n<p>Nous collectons vos donn\u00e9es personnelles \u00e0 plusieurs occasions :<\/p>\n\n<ul class=\"wp-block-list\"><li>Par le biais du formulaire web disponible dans la section <strong>\u00ab\u00a0Contactez-nous\u00a0\u00bb.<\/strong><\/li><li>Par le formulaire web pour s&rsquo;inscrire aux cours <strong>\u00ab\u00a0Conecta\u00a0\u00bb<\/strong> .<\/li><li>Par le biais du formulaire dans la section <strong>\u00ab\u00a0Newletter\u00a0\u00bb<\/strong> du site web<\/li><li>Et par email lorsque quelqu&rsquo;un demande plus d&rsquo;informations sur les cours <strong>Conecta,<\/strong> conform\u00e9ment aux dispositions du titre III de la LSSICE.<\/li><\/ul>\n\n<p><strong>II. Quelles informations pouvons-nous obtenir sur vous ? (Droit \u00e0 l&rsquo;information)<\/strong><\/p>\n\n<p>Les donn\u00e9es personnelles suivantes seront demand\u00e9es : Nom, pr\u00e9nom, email, adresse, t\u00e9l\u00e9phone et compte PayPal, afin que l&rsquo;utilisateur puisse suivre nos cours Conecta ou s&rsquo;abonner \u00e0 notre Newletter.<\/p>\n\n<p>Afin de garantir que les informations que nous recueillons sont toujours \u00e0 jour et exemptes d&rsquo;erreurs, nous demandons \u00e0 nos utilisateurs de nous informer dans les meilleurs d\u00e9lais de toute modification et correction de leurs donn\u00e9es personnelles.<\/p>\n\n<p><strong>III. Comment nous donner votre consentement pour traiter vos donn\u00e9es?<\/strong><\/p>\n\n<p>Il sera entendu que l&rsquo;utilisateur accepte les conditions \u00e9nonc\u00e9es dans cette \u00ab\u00a0Politique de confidentialit\u00e9\u00a0\u00bb et donne son <strong>consentement expr\u00e8s, sans ambigu\u00eft\u00e9 et \u00e9clair\u00e9<\/strong> au traitement de vos donn\u00e9es personnelles par le propri\u00e9taire du site web conform\u00e9ment aux dispositions du RGPD, si vous cliquez sur le bouton \u00ab\u00a0ENVOYER\u00a0\u00bb des formulaires de transmission des donn\u00e9es. Toutes les donn\u00e9es personnelles d\u00e9taill\u00e9es dans la section II, ainsi que toutes les autres donn\u00e9es fournies par les utilisateurs qui peuvent \u00eatre obtenues en remplissant les formulaires h\u00e9berg\u00e9s sur le site web de <strong><em>iMisi\u00f3n<\/em><\/strong>, feront l&rsquo;objet d&rsquo;un traitement et seront incorpor\u00e9es dans un fichier automatis\u00e9 de donn\u00e9es personnelles appartenant \u00e0 <strong><em>iMisi\u00f3n<\/em><\/strong>, qui est enregistr\u00e9 dans sa fiche d&rsquo;activit\u00e9 correspondante, qui sera responsable et destinataire de l&rsquo;information.<\/p>\n\n<p>Les donn\u00e9es personnelles collect\u00e9es aupr\u00e8s de nos utilisateurs sont stock\u00e9es par <strong><em>iMisi\u00f3n<\/em><\/strong>, qui garantit les mesures techniques et organisationnelles appropri\u00e9es pour emp\u00eacher l&rsquo;int\u00e9grit\u00e9 et la s\u00e9curit\u00e9 des informations personnelles fournies. Les donn\u00e9es collect\u00e9es sont ad\u00e9quates, pertinentes et non excessives au regard de la port\u00e9e, des finalit\u00e9s et des services sp\u00e9cifiques, explicites et l\u00e9gitimes d\u00e9taill\u00e9s dans la pr\u00e9sente politique de confidentialit\u00e9 et collect\u00e9es sur le site <a href=\"http:\/\/www.imision.org\">www.imision.org<\/a>.<\/p>\n\n<p><strong>IV. Comment prot\u00e9geons-nous vos donn\u00e9es ?<\/strong><\/p>\n\n<p>Pour assurer la protection et maintenir la s\u00e9curit\u00e9, l&rsquo;int\u00e9grit\u00e9 et la disponibilit\u00e9 de vos donn\u00e9es, nous utilisons diverses mesures de s\u00e9curit\u00e9.<\/p>\n\n<p>Bien que dans les transmissions de donn\u00e9es sur Internet ou \u00e0 partir d&rsquo;un site Web, il ne soit pas possible de garantir une protection absolue contre les intrusions, nous et nos sous-traitants mettons tout en \u0153uvre pour maintenir des mesures de protection physiques, \u00e9lectroniques et proc\u00e9durales permettant de garantir la protection de vos donn\u00e9es conform\u00e9ment avec les exigences l\u00e9gales applicables en la mati\u00e8re. Les mesures que nous utilisons incluent:<\/p>\n\n<ul class=\"wp-block-list\"><li>Limitez l&rsquo;acc\u00e8s \u00e0 vos donn\u00e9es uniquement aux personnes qui ont besoin d&rsquo;en prendre connaissance compte tenu des t\u00e2ches qu&rsquo;elles effectuent;<\/li><li>En r\u00e8gle g\u00e9n\u00e9rale, transf\u00e9rer les donn\u00e9es collect\u00e9es sous format crypt\u00e9;<\/li><li>Stocker les donn\u00e9es les plus sensibles (telles que les donn\u00e9es de carte de cr\u00e9dit) uniquement dans un format crypt\u00e9;<\/li><li>Installer des syst\u00e8mes de protection p\u00e9rim\u00e9trique pour les infrastructures informatiques (\u00ab\u00a0pare-feu\u00a0\u00bb) pour emp\u00eacher l&rsquo;acc\u00e8s non autoris\u00e9, par exemple les \u00ab\u00a0pirates\u00a0\u00bb, et<\/li><li>Surveiller r\u00e9guli\u00e8rement l&rsquo;acc\u00e8s aux syst\u00e8mes informatiques pour d\u00e9tecter et arr\u00eater toute utilisation abusive des donn\u00e9es personnelles.<\/li><\/ul>\n\n<p>Dans les cas o\u00f9 nous vous ayons fourni (ou vous avez choisi) un mot de passe qui vous permet d&rsquo;acc\u00e9der \u00e0 certaines parties de nos sites Web ou \u00e0 tout autre portail, application ou service sous notre contr\u00f4le, vous \u00eates responsable de le garder secret et de vous conformer \u00e0 toutes les autres proc\u00e9dures de s\u00e9curit\u00e9 dont nous vous informons. Vous ne pourrez partager votre mot de passe avec personne.<\/p>\n\n<p><strong>V. Combien de temps conservons-nous vos donn\u00e9es ?<\/strong><\/p>\n\n<p>Vos donn\u00e9es personnelles seront conserv\u00e9es pendant le temps n\u00e9cessaire \u00e0 la r\u00e9alisation de la finalit\u00e9 pour laquelle elles ont \u00e9t\u00e9 collect\u00e9es. Si vos donn\u00e9es sont utilis\u00e9es \u00e0 plusieurs fins qui nous obligent \u00e0 les conserver pendant des dur\u00e9es diff\u00e9rentes, nous appliquerons la dur\u00e9e de conservation la plus longue.<\/p>\n\n<p>Dans tous les cas, nous limitons l&rsquo;acc\u00e8s \u00e0 vos donn\u00e9es aux seules personnes qui en aient besoin pour l&rsquo;exercice de leurs fonctions.<\/p>\n\n<p>Finalit\u00e9s li\u00e9es \u00e0 l&rsquo;ex\u00e9cution d&rsquo;un accord: en ce qui concerne l&rsquo;utilisation de vos informations pour la gestion de toute obligation contractuelle et\/ou de collaboration que nous avons avec vous, nous conserverons ces donn\u00e9es pendant la dur\u00e9e de l&rsquo;accord et pendant les dix ans, dans cette derni\u00e8re p\u00e9riode, lesdites donn\u00e9es resteront bloqu\u00e9es et ne pourront \u00eatre utilis\u00e9es que pour r\u00e9pondre \u00e0 d&rsquo;\u00e9ventuelles requ\u00eates ou r\u00e9clamations ult\u00e9rieures.<\/p>\n\n<p>Finalit\u00e9s li\u00e9es au respect des obligations l\u00e9gales et r\u00e9glementaires : certaines informations doivent \u00eatre conserv\u00e9es pendant les dur\u00e9es requises par les r\u00e9glementations particuli\u00e8res qui en r\u00e9sultent d&rsquo;application (fiscales, commerciales, blanchiment d&rsquo;argent, etc.). Pendant cette p\u00e9riode, lesdites donn\u00e9es resteront bloqu\u00e9es et ne pourront \u00eatre utilis\u00e9es que pour r\u00e9pondre \u00e0 d&rsquo;\u00e9ventuelles requ\u00eates ou r\u00e9clamations ult\u00e9rieures.<\/p>\n\n<p><strong>VI. Avec qui pouvons-nous partager vos donn\u00e9es et comment les prot\u00e9geons-nous?<\/strong><\/p>\n\n<p><strong><em>iMisi\u00f3n<\/em><\/strong> en r\u00e8gle g\u00e9n\u00e9rale, nous ne transf\u00e9rons pas vos donn\u00e9es \u00e0 des tiers ou n&rsquo;effectuons pas de transfert international de celles-ci, sauf dans les cas o\u00f9 il existe une obligation l\u00e9gale, en respectant toujours les conditions \u00e9tablies par le r\u00e8glement europ\u00e9en sur la protection des donn\u00e9es personnelles (R\u00e8glement (UE ) 2016\/679 du 27 avril 2016).<\/p>\n\n<p><strong>VII. Contr\u00f4le de la confidentialit\u00e9.<\/strong><\/p>\n\n<p>L&rsquo;utilisateur aura le contr\u00f4le sur ses donn\u00e9es et pourra y acc\u00e9der et les modifier \u00e0 tout moment. De la m\u00eame mani\u00e8re, vous pouvez demander l&rsquo;annulation de l&rsquo;utilisation de vos donn\u00e9es personnelles \u00e0 l&rsquo;e-mail suivant: <a href=\"mailto:secretaria@imision.org\">secretaria@imision.org<\/a>.<\/p>\n\n<p>Une fois la relation avec <strong><em>iMisi\u00f3n<\/em><\/strong> termin\u00e9e, c&rsquo;est-\u00e0-dire lorsque l&rsquo;utilisateur se d\u00e9sabonne, toutes ses donn\u00e9es personnelles seront automatiquement supprim\u00e9es, qui resteront bloqu\u00e9es afin de se conformer aux obligations l\u00e9gales conform\u00e9ment aux dispositions de la section V.<\/p>\n\n<p><strong>VIII. Comment exercer les droits d&rsquo;acc\u00e8s, de rectification, de suppression, de limitation, de portabilit\u00e9 des donn\u00e9es et d&rsquo;opposition au traitement des Donn\u00e9es Personnelles?<\/strong><\/p>\n\n<p>utilisateurs de <strong><em>iMisi\u00f3n <\/em><\/strong> peut exercer les droits susmentionn\u00e9s reconnus par le GDPR \u00e0 tout moment et gratuitement, au moyen d&rsquo;une communication adress\u00e9e \u00e0 <strong><em>iMisi\u00f3n<\/em><\/strong> avec adresse Calle Costa de Saragossa, 16, 07013 Palma de Mallorca, Baleares (Espa\u00f1a), ou par e-mail: <a href=\"mailto:secretaria@imision.org\">secretaria@imision.org<\/a>, R\u00e9f\u00e9rence : Protection des donn\u00e9es personnelles. De m\u00eame, nous vous rappelons la possibilit\u00e9 de d\u00e9poser une r\u00e9clamation aupr\u00e8s de l&rsquo;Agence espagnole de protection des donn\u00e9es personnelles pour le traitement de vos donn\u00e9es personnelles par<strong>iMisi\u00f3n<\/strong>.<\/p>\n\n<p><strong><em>iMisi\u00f3n<\/em><\/strong> n&rsquo;utilisera pas les donn\u00e9es personnelles \u00e0 des fins autres que celles exprim\u00e9es dans la section II et gardera les informations fournies confidentielles. De m\u00eame, conform\u00e9ment aux dispositions de la LSSICE en cas d&rsquo;envoi de communications commerciales par courrier \u00e9lectronique, <strong><em>iMisi\u00f3n<\/em><\/strong> inclura une adresse e-mail (<a href=\"mailto:protecciondedatos@ayudaalaiglesianecesitada.org\">protecciondedatos@ayudaalaiglesianecesitada.org<\/a>) o\u00f9 les utilisateurs peuvent exercer leurs droits d&rsquo;acc\u00e8s, de limitation, de rectification ou d&rsquo;opposition \u00e0 tout moment, pour se d\u00e9sinscrire \u00e0 tout moment, et par cons\u00e9quent ne recevoir aucun type d&rsquo;information ou de communication.<\/p>\n\n<p><strong><em>iMisi\u00f3n<\/em><\/strong> est soucieux de garantir la s\u00e9curit\u00e9 et la confidentialit\u00e9 de vos donn\u00e9es. Par cons\u00e9quent, nous vous informons que nous avons mis en place les mesures de s\u00e9curit\u00e9 de nature technique et organisationnelle n\u00e9cessaires pour garantir la s\u00e9curit\u00e9 de vos Donn\u00e9es Personnelles et emp\u00eacher ainsi leur alt\u00e9ration, perte, traitement et\/ou acc\u00e8s non autoris\u00e9, compte tenu de l&rsquo;\u00e9tat de la technologie. , la nature des donn\u00e9es stock\u00e9es et les risques auxquels elles sont expos\u00e9es, qu&rsquo;ils proviennent de l&rsquo;action humaine ou de l&rsquo;environnement physique ou naturel, le tout conform\u00e9ment aux dispositions de l&rsquo;article 9 de la LOPD et du r\u00e8glement europ\u00e9en sur la protection des donn\u00e9es pr\u00e9cit\u00e9 .<\/p>\n\n<p>Nous vous rappelons que vous avez le droit de demander:<\/p>\n\n<ul class=\"wp-block-list\"><li>Plus de d\u00e9tails sur notre utilisation de vos informations,<\/li><li>Une copie des informations que vous nous avez fournies,<\/li><li>Corriger les inexactitudes dans les informations que nous conservons,<\/li><li>Supprimer les informations pour lesquelles nous n&rsquo;avons plus de base l\u00e9gale \u00e0 utiliser,<\/li><li>R\u00e9voquer votre consentement au traitement de vos donn\u00e9es \u00e0 ces fins, dans les cas o\u00f9 le traitement des donn\u00e9es est subordonn\u00e9 au consentement, ainsi que pour toute communication de marketing direct,<\/li><li>Vous opposer \u00e0 tout traitement de vos donn\u00e9es &#8211; y compris le profilage &#8211; qui prend l&rsquo;int\u00e9r\u00eat l\u00e9gitime comme base l\u00e9gale, \u00e0 moins que nos raisons d&rsquo;effectuer ce traitement ne l&#8217;emportent sur tout pr\u00e9judice \u00e9ventuel \u00e0 vos droits en mati\u00e8re de protection des donn\u00e9es,<\/li><li>Restreindre la fa\u00e7on dont nous utilisons vos donn\u00e9es pendant qu&rsquo;une r\u00e9clamation fait l&rsquo;objet d&rsquo;une enqu\u00eate.<\/li><\/ul>\n\n<p>L&rsquo;exercice par vous de ces droits est soumis \u00e0 certaines exceptions pour des raisons d&rsquo;int\u00e9r\u00eat g\u00e9n\u00e9ral (par exemple, la pr\u00e9vention ou la d\u00e9tection d&rsquo;infractions) et pour nos propres int\u00e9r\u00eats (par exemple, le maintien de la confidentialit\u00e9 des conseils juridiques). Si vous exercez l&rsquo;un de ces droits, nous v\u00e9rifierons que vous \u00eates r\u00e9ellement habilit\u00e9 \u00e0 le faire et nous vous r\u00e9pondrons dans un d\u00e9lai d&rsquo;un mois ou dans le d\u00e9lai maximum pr\u00e9vu par la r\u00e9glementation espagnole, si celui-ci est inf\u00e9rieur.<\/p>\n\n<p>Si vous n&rsquo;\u00eates pas satisfait de la mani\u00e8re dont nous utilisons vos informations ou de notre r\u00e9ponse \u00e0 l&rsquo;exercice de l&rsquo;un de ces droits, vous pouvez d\u00e9poser une r\u00e9clamation aupr\u00e8s de l&rsquo;Agence espagnole de protection des donn\u00e9es (<a href=\"https:\/\/www.aepd.es\/\">www.agpd.es<\/a>).<\/p>\n\n<p><strong>IX. Bases l\u00e9gales du traitement des donn\u00e9es personnelles<\/strong><\/p>\n\n<p>L&rsquo;utilisation de vos donn\u00e9es dans les conditions d\u00e9crites ci-dessus est autoris\u00e9e par les r\u00e9glementations europ\u00e9ennes et espagnoles sur la protection des donn\u00e9es conform\u00e9ment aux bases l\u00e9gales suivantes:<\/p>\n\n<ul class=\"wp-block-list\"><li>Vous avez exprim\u00e9 votre consentement (un formulaire de consentement vous a \u00e9t\u00e9 pr\u00e9sent\u00e9 pour autoriser le traitement de vos donn\u00e9es \u00e0 certaines fins ; vous pouvez r\u00e9voquer le consentement donn\u00e9 \u00e0 tout moment) ;<\/li><li>Le traitement de vos donn\u00e9es est n\u00e9cessaire \u00e0 la gestion et au maintien de notre relation avec les utilisateurs;<\/li><li>Le traitement de vos donn\u00e9es est n\u00e9cessaire pour respecter nos obligations l\u00e9gales;<\/li><li>Nous utilisons vos donn\u00e9es pour atteindre un int\u00e9r\u00eat l\u00e9gitime et nos raisons de le faire l&#8217;emportent sur les dommages \u00e9ventuels \u00e0 vos droits \u00e0 la protection de vos donn\u00e9es;<\/li><\/ul>\n\n<p>Certaines finalit\u00e9s peuvent \u00eatre autoris\u00e9es par d&rsquo;autres bases juridiques ; dans de tels cas, nous nous efforcerons d&rsquo;identifier la base juridique en cause et de vous la communiquer d\u00e8s que nous aurons connaissance de son existence.<\/p>\n\n<p><strong>X. Utilisation des cookies<\/strong><\/p>\n\n<p>Un cookie est un fichier texte qu&rsquo;un serveur Web peut enregistrer sur le disque dur d&rsquo;un ordinateur pour stocker des informations sur l&rsquo;utilisateur et ne peut \u00eatre lu que par le site Web qui l&rsquo;a envoy\u00e9 \u00e0 l&rsquo;ordinateur. Ainsi que tout dispositif de stockage et de r\u00e9cup\u00e9ration de donn\u00e9es dans l&rsquo;\u00e9quipement terminal des destinataires. Le portail internet <a href=\"http:\/\/www.imision.org\">www.imision.org<\/a> utilise des cookies pour acc\u00e9der aux informations relatives aux utilisateurs du site Web, dont les d\u00e9tails et les informations sur l&rsquo;utilisation des cookies, de mani\u00e8re claire et compl\u00e8te, sont d\u00e9velopp\u00e9s dans notre \u00ab\u00a0Politique de cookies\u00a0\u00bb, conform\u00e9ment aux dispositions de l&rsquo;article 22.2 de la LSSICE , modifi\u00e9 par le d\u00e9cret-loi royal espagnol 13\/2012, du 30 mars, qui transpose dans l&rsquo;ordre juridique espagnol la directive 2002\/58\/CE, concernant le traitement des donn\u00e9es personnelles et la protection de la vie priv\u00e9e dans l&rsquo;industrie des communications \u00e9lectroniques.<\/p>\n\n<p><strong>XI. Liens<\/strong><\/p>\n\n<p>Cette politique de confidentialit\u00e9 s&rsquo;applique uniquement au site Web (<a href=\"http:\/\/www.imision.org\">www.imision.org<\/a>). L&rsquo;acc\u00e8s par le biais de liens vers ce site n&rsquo;est pas garanti, pas plus qu&rsquo;il n&rsquo;est garanti pour les liens de ce site vers d&rsquo;autres sites Web.<\/p>\n\n<p><strong>XII. Modification<\/strong><\/p>\n\n<p><strong><em>iMisi\u00f3n<\/em><\/strong> peut modifier cette politique pour l&rsquo;adapter \u00e0 la nouvelle l\u00e9gislation ou jurisprudence ainsi qu&rsquo;aux bonnes pratiques futures. Dans de tels cas, <strong><em>iMisi\u00f3n<\/em><\/strong> annoncera sur cette page les changements introduits avec une anticipation raisonnable de leur mise en \u0153uvre, et informera les utilisateurs de toute mise \u00e0 jour ou modification de cette politique de confidentialit\u00e9.<br\/><\/p>\n","protected":false},"excerpt":{"rendered":"<p>Avis de confidentialit\u00e9 Les donn\u00e9es fournies dans ce formulaire seront enregistr\u00e9es dans un fichier appartenant \u00e0 iMisi\u00f3n dans le but de vous envoyer des informations, toujours par voie \u00e9lectronique, sur nos cours Conecta, ainsi que sur nos \u00e9v\u00e9nements en face \u00e0 face. Vos donn\u00e9es ne seront jamais transmises \u00e0 des tiers. Vous pouvez exercer vos [&hellip;]<\/p>\n","protected":false},"author":7,"featured_media":0,"parent":0,"menu_order":0,"comment_status":"closed","ping_status":"closed","template":"","meta":{"_acf_changed":false,"_et_pb_use_builder":"off","_et_pb_old_content":"","_et_gb_content_width":"","inline_featured_image":false,"footnotes":""},"class_list":["post-7148","page","type-page","status-publish","hentry"],"acf":[],"_links":{"self":[{"href":"https:\/\/imission.world\/fr\/wp-json\/wp\/v2\/pages\/7148","targetHints":{"allow":["GET"]}}],"collection":[{"href":"https:\/\/imission.world\/fr\/wp-json\/wp\/v2\/pages"}],"about":[{"href":"https:\/\/imission.world\/fr\/wp-json\/wp\/v2\/types\/page"}],"author":[{"embeddable":true,"href":"https:\/\/imission.world\/fr\/wp-json\/wp\/v2\/users\/7"}],"replies":[{"embeddable":true,"href":"https:\/\/imission.world\/fr\/wp-json\/wp\/v2\/comments?post=7148"}],"version-history":[{"count":1,"href":"https:\/\/imission.world\/fr\/wp-json\/wp\/v2\/pages\/7148\/revisions"}],"predecessor-version":[{"id":7149,"href":"https:\/\/imission.world\/fr\/wp-json\/wp\/v2\/pages\/7148\/revisions\/7149"}],"wp:attachment":[{"href":"https:\/\/imission.world\/fr\/wp-json\/wp\/v2\/media?parent=7148"}],"curies":[{"name":"wp","href":"https:\/\/api.w.org\/{rel}","templated":true}]}}