{"id":7434,"date":"2024-02-11T10:37:38","date_gmt":"2024-02-11T09:37:38","guid":{"rendered":"https:\/\/imission.world\/decalogue-pour-ne-pas-juger-documents\/"},"modified":"2024-03-19T07:50:51","modified_gmt":"2024-03-19T06:50:51","slug":"decalogue-pour-ne-pas-juger-documents","status":"publish","type":"page","link":"https:\/\/imission.world\/fr\/decalogue-pour-ne-pas-juger-documents\/","title":{"rendered":"D\u00e9calogue pour ne pas juger | Documents"},"content":{"rendered":"<p>[et_pb_section fb_built=\u00a0\u00bb1&Prime; admin_label=\u00a0\u00bbSecci\u00f3n\u00a0\u00bb _builder_version=\u00a0\u00bb4.19.5&Prime; _module_preset=\u00a0\u00bbdefault\u00a0\u00bb custom_margin=\u00a0\u00bb||-18px|||\u00a0\u00bb global_colors_info=\u00a0\u00bb{}\u00a0\u00bb][et_pb_row _builder_version=\u00a0\u00bb4.19.0&Prime; _module_preset=\u00a0\u00bb19e11138-38d7-4f97-a1f0-7b358e3e5810&Prime; global_colors_info=\u00a0\u00bb{}\u00a0\u00bb][et_pb_column type=\u00a0\u00bb4_4&Prime; admin_label=\u00a0\u00bbColonne\u00a0\u00bb _builder_version=\u00a0\u00bb4.18.1&Prime; _module_preset=\u00a0\u00bbdefault\u00a0\u00bb global_colors_info=\u00a0\u00bb{}\u00a0\u00bb][et_pb_text _builder_version=\u00a0\u00bb4.19.0&Prime; _dynamic_attributes=\u00a0\u00bbcontent\u00a0\u00bb _module_preset=\u00a0\u00bb1b29eb36-f294-49f3-8e20-40577db239f4&Prime; link_font=\u00a0\u00bb||||on||||\u00a0\u00bb link_text_color=\u00a0\u00bb#000000&Prime; global_colors_info=\u00a0\u00bb{}\u00a0\u00bb]@ET-DC@eyJkeW5hbWljIjp0cnVlLCJjb250ZW50IjoicG9zdF90aXRsZSIsInNldHRpbmdzIjp7ImJlZm9yZSI6IjxhIGhyZWY9XCIvXCI+UGFnZSBkJ2FjY3VlaWw8L2E+IC8gIiwiYWZ0ZXIiOiIifX0=@[\/et_pb_text][\/et_pb_column][\/et_pb_row][et_pb_row module_class=\u00a0\u00bbtesela-titulo\u00a0\u00bb _builder_version=\u00a0\u00bb4.19.0&Prime; _module_preset=\u00a0\u00bbdefault\u00a0\u00bb background_color=\u00a0\u00bb#ffc77c\u00a0\u00bb custom_padding=\u00a0\u00bb131px|37px|131px|37px|true|true\u00a0\u00bb border_radii=\u00a0\u00bbon|10px|10px|10px|10px\u00a0\u00bb global_colors_info=\u00a0\u00bb{}\u00a0\u00bb][et_pb_column type=\u00a0\u00bb4_4&Prime; _builder_version=\u00a0\u00bb4.18.1&Prime; _module_preset=\u00a0\u00bbdefault\u00a0\u00bb global_colors_info=\u00a0\u00bb{}\u00a0\u00bb][et_pb_text admin_label=\u00a0\u00bbTexto\u00a0\u00bb _builder_version=\u00a0\u00bb4.19.5&Prime; _module_preset=\u00a0\u00bbdefault\u00a0\u00bb global_colors_info=\u00a0\u00bb{}\u00a0\u00bb]<\/p>\n<h1>J\u00e9sus a dit \u00ab\u00a0Ne jugez pas\u00a0\u00bb<br \/>Documents<\/h1>\n<p>[\/et_pb_text][\/et_pb_column][\/et_pb_row][\/et_pb_section][et_pb_section fb_built=\u00a0\u00bb1&Prime; admin_label=\u00a0\u00bbSecci\u00f3n\u00a0\u00bb _builder_version=\u00a0\u00bb4.18.1&Prime; _module_preset=\u00a0\u00bbdefault\u00a0\u00bb custom_padding=\u00a0\u00bb0px|||||\u00a0\u00bb global_colors_info=\u00a0\u00bb{}\u00a0\u00bb][et_pb_row _builder_version=\u00a0\u00bb4.19.5&Prime; _module_preset=\u00a0\u00bbdefault\u00a0\u00bb global_colors_info=\u00a0\u00bb{}\u00a0\u00bb][et_pb_column type=\u00a0\u00bb4_4&Prime; _builder_version=\u00a0\u00bb4.19.5&Prime; _module_preset=\u00a0\u00bbdefault\u00a0\u00bb global_colors_info=\u00a0\u00bb{}\u00a0\u00bb][et_pb_text _builder_version=\u00a0\u00bb4.19.5&Prime; _module_preset=\u00a0\u00bbdefault\u00a0\u00bb global_colors_info=\u00a0\u00bb{}\u00a0\u00bb]<\/p>\n<div class=\"layoutArea\">\n<div class=\"column\">\n<p>Beaucoup d\u2019entre nous d\u00e9plorent un environnement social et num\u00e9rique tendu et agressif, sans se rendre compte que nous y contribuons peut-\u00eatre plus que nous ne le pensons. Nos paroles prononc\u00e9es ou \u00e9crites ont des effets sur les autres, nous devons donc y \u00eatre attentifs. Bien plus si nous les exprimons \u00e0 travers les r\u00e9seaux sociaux. <\/p>\n<p>T\u00e9l\u00e9chargez le d\u00e9calogue pour ne pas juger et si vous souhaitez approfondir, t\u00e9l\u00e9chargez le document complet et partagez-le autant que vous le souhaitez pour contribuer \u00e0 promouvoir une culture du respect sur les r\u00e9seaux sociaux.<\/p>\n<p><strong>De quoi \u00e7a parle?<\/strong> \u00c0 partir d&rsquo;une analyse multidisciplinaire sur un th\u00e8me demand\u00e9 par des milliers de personnes lors de l&rsquo;\u00e9coute synodale de l&rsquo;\u00c9glise dans l&rsquo;environnement num\u00e9rique : le dialogue sans jugements ni disqualifications<br \/>sur les r\u00e9seaux sociaux.<\/p>\n<p><strong>Qui l&rsquo;a cr\u00e9\u00e9 ?<\/strong> Il est pr\u00e9par\u00e9 en dialogue, d&rsquo;une part avec des experts de diff\u00e9rentes disciplines (biblistes, th\u00e9ologiens canonistes, psychiatres, philosophes&#8230;) et d&rsquo;autre part, avec les missionnaires du num\u00e9rique eux-m\u00eames.<\/p>\n<p><strong>Quel est votre objectif ?<\/strong> Mieux comprendre ce que signifie \u00ab Do Not Judge \u00bb et quelles implications cela a dans la vie de tous les jours sur les r\u00e9seaux sociaux.<\/p>\n<\/div>\n<\/div>\n<p>[\/et_pb_text][\/et_pb_column][\/et_pb_row][et_pb_row column_structure=\u00a0\u00bb1_2,1_2&Prime; gutter_width=\u00a0\u00bb3&Prime; admin_label=\u00a0\u00bbFilaire\u00a0\u00bb module_class=\u00a0\u00bbtesela-conclusiones\u00a0\u00bb _builder_version=\u00a0\u00bb4.19.5&Prime; _module_preset=\u00a0\u00bbdefault\u00a0\u00bb min_height=\u00a0\u00bb655.7px\u00a0\u00bb custom_padding=\u00a0\u00bb15px|||0px||\u00a0\u00bb global_colors_info=\u00a0\u00bb{}\u00a0\u00bb][et_pb_column type=\u00a0\u00bb1_2&Prime; admin_label=\u00a0\u00bbColonne\u00a0\u00bb _builder_version=\u00a0\u00bb4.19.5&Prime; _module_preset=\u00a0\u00bbdefault\u00a0\u00bb background_color=\u00a0\u00bb#ffe9ce\u00a0\u00bb global_colors_info=\u00a0\u00bb{}\u00a0\u00bb][et_pb_text admin_label=\u00a0\u00bbTexto\u00a0\u00bb _builder_version=\u00a0\u00bb4.19.5&Prime; _module_preset=\u00a0\u00bb1b29eb36-f294-49f3-8e20-40577db239f4&Prime; background_color=\u00a0\u00bb#ffe9ce\u00a0\u00bb custom_margin=\u00a0\u00bb0px||24px||false|false\u00a0\u00bb custom_padding=\u00a0\u00bb21px|30px|21px|30px|true|true\u00a0\u00bb border_radii=\u00a0\u00bbon|10px|10px|10px|10px\u00a0\u00bb global_colors_info=\u00a0\u00bb{}\u00a0\u00bb]<\/p>\n<p style=\"text-align: center;\">Cliquez sur l&rsquo;image pour t\u00e9l\u00e9charger le D\u00e9calogue du Non-Jugement<\/p>\n<p>[\/et_pb_text][et_pb_image src=\u00a0\u00bbhttps:\/\/imission.world\/wp-content\/uploads\/2024\/03\/decalogue-fr.webp\u00a0\u00bb title_text=\u00a0\u00bbdecalogue fr\u00a0\u00bb url=\u00a0\u00bbhttps:\/\/imission.world\/sdc_download\/7461\/?key=les9lz8xdz1z8e17xdldh8ug9u486b\u00a0\u00bb align=\u00a0\u00bbcenter\u00a0\u00bb admin_label=\u00a0\u00bbImagen\u00a0\u00bb _builder_version=\u00a0\u00bb4.19.5&Prime; _module_preset=\u00a0\u00bbdefault\u00a0\u00bb background_color=\u00a0\u00bb#ffe9ce\u00a0\u00bb border_radii=\u00a0\u00bboff||7px|7px|\u00a0\u00bb border_width_bottom=\u00a0\u00bb2px\u00a0\u00bb border_color_bottom=\u00a0\u00bb#939598&Prime; global_colors_info=\u00a0\u00bb{}\u00a0\u00bb][\/et_pb_image][et_pb_text admin_label=\u00a0\u00bbTexto\u00a0\u00bb _builder_version=\u00a0\u00bb4.19.5&Prime; _module_preset=\u00a0\u00bb1b29eb36-f294-49f3-8e20-40577db239f4&Prime; text_font=\u00a0\u00bb|700|||||||\u00a0\u00bb background_color=\u00a0\u00bb#ffe9ce\u00a0\u00bb custom_margin=\u00a0\u00bb0px||24px||false|false\u00a0\u00bb custom_padding=\u00a0\u00bb30px|30px|30px|30px|true|true\u00a0\u00bb hover_enabled=\u00a0\u00bb0&Prime; border_radii=\u00a0\u00bbon|10px|10px|10px|10px\u00a0\u00bb global_colors_info=\u00a0\u00bb{}\u00a0\u00bb sticky_enabled=\u00a0\u00bb0&Prime;]<\/p>\n<p style=\"text-align: center;\"><span style=\"font-family: 'Courier New', monospace; font-size: 22px; text-align: left;\"><div id=\"sdc-download-count-7461\" class=\"sdc-download-count descargalink\"><span class=\"sdc-before\"> <\/span><span class=\"sdc-count\">238<\/span><span class=\"sdc-after\"> descargas<\/span><\/div><\/span><\/p>\n<p>[\/et_pb_text][\/et_pb_column][et_pb_column type=\u00a0\u00bb1_2&Prime; admin_label=\u00a0\u00bbColonne\u00a0\u00bb _builder_version=\u00a0\u00bb4.19.5&Prime; _module_preset=\u00a0\u00bbdefault\u00a0\u00bb background_color=\u00a0\u00bb#ffe9ce\u00a0\u00bb global_colors_info=\u00a0\u00bb{}\u00a0\u00bb][et_pb_text admin_label=\u00a0\u00bbTexto\u00a0\u00bb _builder_version=\u00a0\u00bb4.19.5&Prime; _module_preset=\u00a0\u00bb1b29eb36-f294-49f3-8e20-40577db239f4&Prime; background_color=\u00a0\u00bb#ffe9ce\u00a0\u00bb custom_margin=\u00a0\u00bb0px||24px||false|false\u00a0\u00bb custom_padding=\u00a0\u00bb21px|30px|21px|30px|true|true\u00a0\u00bb border_radii=\u00a0\u00bbon|10px|10px|10px|10px\u00a0\u00bb global_colors_info=\u00a0\u00bb{}\u00a0\u00bb]<\/p>\n<p style=\"text-align: center;\">Cliquez sur l&rsquo;image pour t\u00e9l\u00e9charger l&rsquo;iBooklet No Judgment<\/p>\n<p>[\/et_pb_text][et_pb_image src=\u00a0\u00bbhttps:\/\/imission.world\/wp-content\/uploads\/2024\/03\/nejugez.webp\u00a0\u00bb title_text=\u00a0\u00bbnejugez\u00a0\u00bb url=\u00a0\u00bbhttps:\/\/imission.world\/sdc_download\/7465\/?key=fpavav89tsynumbpmqmge7zn0x9ufq\u00a0\u00bb align=\u00a0\u00bbcenter\u00a0\u00bb admin_label=\u00a0\u00bbImagen\u00a0\u00bb _builder_version=\u00a0\u00bb4.19.5&Prime; _module_preset=\u00a0\u00bbdefault\u00a0\u00bb background_color=\u00a0\u00bb#ffe9ce\u00a0\u00bb border_radii=\u00a0\u00bboff||7px|7px|\u00a0\u00bb border_width_bottom=\u00a0\u00bb2px\u00a0\u00bb border_color_bottom=\u00a0\u00bb#939598&Prime; global_colors_info=\u00a0\u00bb{}\u00a0\u00bb][\/et_pb_image][et_pb_text admin_label=\u00a0\u00bbTexto\u00a0\u00bb _builder_version=\u00a0\u00bb4.19.5&Prime; _module_preset=\u00a0\u00bb1b29eb36-f294-49f3-8e20-40577db239f4&Prime; text_font=\u00a0\u00bb|700|||||||\u00a0\u00bb background_color=\u00a0\u00bb#ffe9ce\u00a0\u00bb custom_margin=\u00a0\u00bb0px||24px||false|false\u00a0\u00bb custom_padding=\u00a0\u00bb30px|30px|30px|30px|true|true\u00a0\u00bb hover_enabled=\u00a0\u00bb0&Prime; border_radii=\u00a0\u00bbon|10px|10px|10px|10px\u00a0\u00bb global_colors_info=\u00a0\u00bb{}\u00a0\u00bb sticky_enabled=\u00a0\u00bb0&Prime;]<\/p>\n<p style=\"text-align: center;\"><span style=\"font-family: 'Courier New', monospace; font-size: 22px; text-align: left;\"><div id=\"sdc-download-count-7465\" class=\"sdc-download-count descargalink\"><span class=\"sdc-before\"> <\/span><span class=\"sdc-count\">250<\/span><span class=\"sdc-after\"> descargas<\/span><\/div><\/span><\/p>\n<p>[\/et_pb_text][\/et_pb_column][\/et_pb_row][et_pb_row _builder_version=\u00a0\u00bb4.19.5&Prime; _module_preset=\u00a0\u00bbdefault\u00a0\u00bb custom_padding=\u00a0\u00bb||||false|false\u00a0\u00bb global_colors_info=\u00a0\u00bb{}\u00a0\u00bb][et_pb_column type=\u00a0\u00bb4_4&Prime; admin_label=\u00a0\u00bbColonne\u00a0\u00bb _builder_version=\u00a0\u00bb4.19.5&Prime; _module_preset=\u00a0\u00bbdefault\u00a0\u00bb background_color=\u00a0\u00bb#ffe9ce\u00a0\u00bb custom_padding=\u00a0\u00bb20px||||false|false\u00a0\u00bb global_colors_info=\u00a0\u00bb{}\u00a0\u00bb][et_pb_button button_url=\u00a0\u00bbhttps:\/\/imission.world\/fr\/inscrivez-votre-adhesion-au-defi-no-judgment\/\u00a0\u00bb button_text=\u00a0\u00bbSignez votre engagement \u00e0 ne pas juger\u00a0\u00bb button_alignment=\u00a0\u00bbcenter\u00a0\u00bb admin_label=\u00a0\u00bbBot\u00f3n\u00a0\u00bb _builder_version=\u00a0\u00bb4.19.5&Prime; _module_preset=\u00a0\u00bbdefault\u00a0\u00bb custom_margin=\u00a0\u00bb|10%|25px|10%|false|true\u00a0\u00bb global_colors_info=\u00a0\u00bb{}\u00a0\u00bb][\/et_pb_button][\/et_pb_column][\/et_pb_row][\/et_pb_section]<\/p>\n","protected":false},"excerpt":{"rendered":"<p>T\u00e9l\u00e9chargez le d\u00e9calogue pour ne pas juger et si vous souhaitez approfondir, t\u00e9l\u00e9chargez le document complet et partagez-le autant que vous le souhaitez pour contribuer \u00e0 promouvoir une culture du respect sur les r\u00e9seaux<br \/>\nsociaux.<\/p>\n","protected":false},"author":7,"featured_media":7330,"parent":0,"menu_order":0,"comment_status":"closed","ping_status":"closed","template":"","meta":{"_acf_changed":false,"_et_pb_use_builder":"on","_et_pb_old_content":"","_et_gb_content_width":"","inline_featured_image":false,"footnotes":""},"class_list":["post-7434","page","type-page","status-publish","has-post-thumbnail","hentry"],"acf":[],"_links":{"self":[{"href":"https:\/\/imission.world\/fr\/wp-json\/wp\/v2\/pages\/7434","targetHints":{"allow":["GET"]}}],"collection":[{"href":"https:\/\/imission.world\/fr\/wp-json\/wp\/v2\/pages"}],"about":[{"href":"https:\/\/imission.world\/fr\/wp-json\/wp\/v2\/types\/page"}],"author":[{"embeddable":true,"href":"https:\/\/imission.world\/fr\/wp-json\/wp\/v2\/users\/7"}],"replies":[{"embeddable":true,"href":"https:\/\/imission.world\/fr\/wp-json\/wp\/v2\/comments?post=7434"}],"version-history":[{"count":8,"href":"https:\/\/imission.world\/fr\/wp-json\/wp\/v2\/pages\/7434\/revisions"}],"predecessor-version":[{"id":7485,"href":"https:\/\/imission.world\/fr\/wp-json\/wp\/v2\/pages\/7434\/revisions\/7485"}],"wp:featuredmedia":[{"embeddable":true,"href":"https:\/\/imission.world\/fr\/wp-json\/wp\/v2\/media\/7330"}],"wp:attachment":[{"href":"https:\/\/imission.world\/fr\/wp-json\/wp\/v2\/media?parent=7434"}],"curies":[{"name":"wp","href":"https:\/\/api.w.org\/{rel}","templated":true}]}}